{"id":22,"date":"2018-08-20T07:59:05","date_gmt":"2018-08-20T07:59:05","guid":{"rendered":"http:\/\/bam.sk\/astra\/en\/?page_id=22"},"modified":"2024-09-17T17:38:35","modified_gmt":"2024-09-17T17:38:35","slug":"contact","status":"publish","type":"page","link":"https:\/\/astra-ngo.sk\/en\/contact\/","title":{"rendered":"Where you can find us"},"content":{"rendered":"<div class=\"kontaktastra\"><strong>ASTRA &#8211; Association for Innovation and Development<\/strong><br \/>Letn\u00e1 27, 043 14 Ko\u0161ice<br \/>Mobile: +421 918 367 145<br \/>E-mail: <a href=\"mailto:astra@astra-ngo.sk\">astra@astra-ngo.sk<\/a><\/div>\n<div class=\"fakturacne\"><strong>Invoice data<\/strong><br \/>I\u010cO: 31275991<br \/>DI\u010c: 2021410666<\/div>\n\n","protected":false},"excerpt":{"rendered":"<p>ASTRA &#8211; Association for Innovation and DevelopmentLetn\u00e1 27, 043 14 Ko\u0161iceMobile: +421 918 367 145E-mail: astra@astra-ngo.sk Invoice dataI\u010cO: 31275991DI\u010c: 2021410666<\/p>\n","protected":false},"author":1,"featured_media":23,"parent":0,"menu_order":0,"comment_status":"closed","ping_status":"closed","template":"","meta":{"footnotes":"","_links_to":"","_links_to_target":""},"class_list":["post-22","page","type-page","status-publish","has-post-thumbnail","hentry"],"_links":{"self":[{"href":"https:\/\/astra-ngo.sk\/en\/wp-json\/wp\/v2\/pages\/22","targetHints":{"allow":["GET"]}}],"collection":[{"href":"https:\/\/astra-ngo.sk\/en\/wp-json\/wp\/v2\/pages"}],"about":[{"href":"https:\/\/astra-ngo.sk\/en\/wp-json\/wp\/v2\/types\/page"}],"author":[{"embeddable":true,"href":"https:\/\/astra-ngo.sk\/en\/wp-json\/wp\/v2\/users\/1"}],"replies":[{"embeddable":true,"href":"https:\/\/astra-ngo.sk\/en\/wp-json\/wp\/v2\/comments?post=22"}],"version-history":[{"count":11,"href":"https:\/\/astra-ngo.sk\/en\/wp-json\/wp\/v2\/pages\/22\/revisions"}],"predecessor-version":[{"id":345,"href":"https:\/\/astra-ngo.sk\/en\/wp-json\/wp\/v2\/pages\/22\/revisions\/345"}],"wp:featuredmedia":[{"embeddable":true,"href":"https:\/\/astra-ngo.sk\/en\/wp-json\/wp\/v2\/media\/23"}],"wp:attachment":[{"href":"https:\/\/astra-ngo.sk\/en\/wp-json\/wp\/v2\/media?parent=22"}],"curies":[{"name":"wp","href":"https:\/\/api.w.org\/{rel}","templated":true}]}}